{"id":20,"date":"2018-03-16T16:23:44","date_gmt":"2018-03-16T15:23:44","guid":{"rendered":"http:\/\/www.neko-san.eu\/?page_id=20"},"modified":"2020-03-28T10:55:51","modified_gmt":"2020-03-28T09:55:51","slug":"aux-employeurs","status":"publish","type":"page","link":"https:\/\/www.neko-san.eu\/index.php\/aux-employeurs\/","title":{"rendered":"Aux clients"},"content":{"rendered":"<p>Notre exp\u00e9rience technique aide \u00e0 une r\u00e9elle compr\u00e9hension de vos besoins sp\u00e9cifiques et concrets qui facilite la mise en relation avec les comp\u00e9tences et les attentes de nos experts.<\/p>\n<p>Ceci vous garantit les services de consultants efficaces et \u00e9panouis dans leur carri\u00e8re.<\/p>\n<p>Nous nous entourons de personnes dot\u00e9es des qualit\u00e9s humaines et professionnelles qui assureront le succ\u00e8s de vos projets :<\/p>\n<ul>\n<li>\u2013 Capacit\u00e9 \u00e0 g\u00e9rer stress et facult\u00e9 d\u2019initiative<\/li>\n<li>\u2013 Go\u00fbt du challenge et passion pour l\u2019informatique<\/li>\n<li>\u2013 Esprit d\u2019\u00e9quipe et capacit\u00e9 d\u2019adaptation<\/li>\n<\/ul>\n<p>Nous attachons \u00e9galement une grande importance au bien-\u00eatre de nos collaborateurs, car un employ\u00e9 heureux est un consultant plus efficace.<\/p>\n<p>Pour en savoir plus <a href=\"https:\/\/www.neko-san.eu\/index.php\/contacter-nous\/\">contactez-nous<\/a> !<\/p>\n","protected":false},"excerpt":{"rendered":"<p>Notre exp\u00e9rience technique aide \u00e0 une r\u00e9elle compr\u00e9hension de vos besoins sp\u00e9cifiques et concrets qui facilite la mise en relation avec les comp\u00e9tences et les attentes de nos experts. Ceci vous garantit les services de consultants efficaces et \u00e9panouis dans leur carri\u00e8re. Nous nous entourons de personnes dot\u00e9es des qualit\u00e9s humaines et professionnelles qui assureront [&hellip;]<\/p>\n","protected":false},"author":1,"featured_media":0,"parent":0,"menu_order":0,"comment_status":"closed","ping_status":"closed","template":"","meta":{"saved_in_kubio":false,"jetpack_post_was_ever_published":false,"footnotes":""},"class_list":["post-20","page","type-page","status-publish","hentry"],"kubio_ai_page_context":{"short_desc":"","purpose":"general"},"yoast_head":"<!-- This site is optimized with the Yoast SEO plugin v27.4 - https:\/\/yoast.com\/product\/yoast-seo-wordpress\/ -->\n<title>Aux clients - Neko-San<\/title>\n<meta name=\"robots\" content=\"index, follow, max-snippet:-1, max-image-preview:large, max-video-preview:-1\" \/>\n<link rel=\"canonical\" href=\"https:\/\/www.neko-san.eu\/index.php\/aux-employeurs\/\" \/>\n<meta property=\"og:locale\" content=\"fr_FR\" \/>\n<meta property=\"og:type\" content=\"article\" \/>\n<meta property=\"og:title\" content=\"Aux clients - Neko-San\" \/>\n<meta property=\"og:description\" content=\"Notre exp\u00e9rience technique aide \u00e0 une r\u00e9elle compr\u00e9hension de vos besoins sp\u00e9cifiques et concrets qui facilite la mise en relation avec les comp\u00e9tences et les attentes de nos experts. Ceci vous garantit les services de consultants efficaces et \u00e9panouis dans leur carri\u00e8re. Nous nous entourons de personnes dot\u00e9es des qualit\u00e9s humaines et professionnelles qui assureront [&hellip;]\" \/>\n<meta property=\"og:url\" content=\"https:\/\/www.neko-san.eu\/index.php\/aux-employeurs\/\" \/>\n<meta property=\"og:site_name\" content=\"Neko-San\" \/>\n<meta property=\"article:modified_time\" content=\"2020-03-28T09:55:51+00:00\" \/>\n<meta name=\"twitter:card\" content=\"summary_large_image\" \/>\n<meta name=\"twitter:label1\" content=\"Dur\u00e9e de lecture estim\u00e9e\" \/>\n\t<meta name=\"twitter:data1\" content=\"1 minute\" \/>\n<script type=\"application\/ld+json\" class=\"yoast-schema-graph\">{\"@context\":\"https:\\\/\\\/schema.org\",\"@graph\":[{\"@type\":\"WebPage\",\"@id\":\"https:\\\/\\\/www.neko-san.eu\\\/index.php\\\/aux-employeurs\\\/\",\"url\":\"https:\\\/\\\/www.neko-san.eu\\\/index.php\\\/aux-employeurs\\\/\",\"name\":\"Aux clients - Neko-San\",\"isPartOf\":{\"@id\":\"https:\\\/\\\/www.neko-san.eu\\\/#website\"},\"datePublished\":\"2018-03-16T15:23:44+00:00\",\"dateModified\":\"2020-03-28T09:55:51+00:00\",\"breadcrumb\":{\"@id\":\"https:\\\/\\\/www.neko-san.eu\\\/index.php\\\/aux-employeurs\\\/#breadcrumb\"},\"inLanguage\":\"fr-FR\",\"potentialAction\":[{\"@type\":\"ReadAction\",\"target\":[\"https:\\\/\\\/www.neko-san.eu\\\/index.php\\\/aux-employeurs\\\/\"]}]},{\"@type\":\"BreadcrumbList\",\"@id\":\"https:\\\/\\\/www.neko-san.eu\\\/index.php\\\/aux-employeurs\\\/#breadcrumb\",\"itemListElement\":[{\"@type\":\"ListItem\",\"position\":1,\"name\":\"Home\",\"item\":\"https:\\\/\\\/www.neko-san.eu\\\/\"},{\"@type\":\"ListItem\",\"position\":2,\"name\":\"Aux clients\"}]},{\"@type\":\"WebSite\",\"@id\":\"https:\\\/\\\/www.neko-san.eu\\\/#website\",\"url\":\"https:\\\/\\\/www.neko-san.eu\\\/\",\"name\":\"Neko-San\",\"description\":\"BECAUSE IT&#039;S A SOLUTION FOR BUSINES!S!\",\"publisher\":{\"@id\":\"https:\\\/\\\/www.neko-san.eu\\\/#organization\"},\"potentialAction\":[{\"@type\":\"SearchAction\",\"target\":{\"@type\":\"EntryPoint\",\"urlTemplate\":\"https:\\\/\\\/www.neko-san.eu\\\/?s={search_term_string}\"},\"query-input\":{\"@type\":\"PropertyValueSpecification\",\"valueRequired\":true,\"valueName\":\"search_term_string\"}}],\"inLanguage\":\"fr-FR\"},{\"@type\":\"Organization\",\"@id\":\"https:\\\/\\\/www.neko-san.eu\\\/#organization\",\"name\":\"Neko-San\",\"url\":\"https:\\\/\\\/www.neko-san.eu\\\/\",\"logo\":{\"@type\":\"ImageObject\",\"inLanguage\":\"fr-FR\",\"@id\":\"https:\\\/\\\/www.neko-san.eu\\\/#\\\/schema\\\/logo\\\/image\\\/\",\"url\":\"https:\\\/\\\/i0.wp.com\\\/www.neko-san.eu\\\/wp-content\\\/uploads\\\/2024\\\/04\\\/catBlueCl-1.png?fit=810%2C781&ssl=1\",\"contentUrl\":\"https:\\\/\\\/i0.wp.com\\\/www.neko-san.eu\\\/wp-content\\\/uploads\\\/2024\\\/04\\\/catBlueCl-1.png?fit=810%2C781&ssl=1\",\"width\":810,\"height\":781,\"caption\":\"Neko-San\"},\"image\":{\"@id\":\"https:\\\/\\\/www.neko-san.eu\\\/#\\\/schema\\\/logo\\\/image\\\/\"}}]}<\/script>\n<!-- \/ Yoast SEO plugin. -->","yoast_head_json":{"title":"Aux clients - Neko-San","robots":{"index":"index","follow":"follow","max-snippet":"max-snippet:-1","max-image-preview":"max-image-preview:large","max-video-preview":"max-video-preview:-1"},"canonical":"https:\/\/www.neko-san.eu\/index.php\/aux-employeurs\/","og_locale":"fr_FR","og_type":"article","og_title":"Aux clients - Neko-San","og_description":"Notre exp\u00e9rience technique aide \u00e0 une r\u00e9elle compr\u00e9hension de vos besoins sp\u00e9cifiques et concrets qui facilite la mise en relation avec les comp\u00e9tences et les attentes de nos experts. Ceci vous garantit les services de consultants efficaces et \u00e9panouis dans leur carri\u00e8re. Nous nous entourons de personnes dot\u00e9es des qualit\u00e9s humaines et professionnelles qui assureront [&hellip;]","og_url":"https:\/\/www.neko-san.eu\/index.php\/aux-employeurs\/","og_site_name":"Neko-San","article_modified_time":"2020-03-28T09:55:51+00:00","twitter_card":"summary_large_image","twitter_misc":{"Dur\u00e9e de lecture estim\u00e9e":"1 minute"},"schema":{"@context":"https:\/\/schema.org","@graph":[{"@type":"WebPage","@id":"https:\/\/www.neko-san.eu\/index.php\/aux-employeurs\/","url":"https:\/\/www.neko-san.eu\/index.php\/aux-employeurs\/","name":"Aux clients - Neko-San","isPartOf":{"@id":"https:\/\/www.neko-san.eu\/#website"},"datePublished":"2018-03-16T15:23:44+00:00","dateModified":"2020-03-28T09:55:51+00:00","breadcrumb":{"@id":"https:\/\/www.neko-san.eu\/index.php\/aux-employeurs\/#breadcrumb"},"inLanguage":"fr-FR","potentialAction":[{"@type":"ReadAction","target":["https:\/\/www.neko-san.eu\/index.php\/aux-employeurs\/"]}]},{"@type":"BreadcrumbList","@id":"https:\/\/www.neko-san.eu\/index.php\/aux-employeurs\/#breadcrumb","itemListElement":[{"@type":"ListItem","position":1,"name":"Home","item":"https:\/\/www.neko-san.eu\/"},{"@type":"ListItem","position":2,"name":"Aux clients"}]},{"@type":"WebSite","@id":"https:\/\/www.neko-san.eu\/#website","url":"https:\/\/www.neko-san.eu\/","name":"Neko-San","description":"BECAUSE IT&#039;S A SOLUTION FOR BUSINES!S!","publisher":{"@id":"https:\/\/www.neko-san.eu\/#organization"},"potentialAction":[{"@type":"SearchAction","target":{"@type":"EntryPoint","urlTemplate":"https:\/\/www.neko-san.eu\/?s={search_term_string}"},"query-input":{"@type":"PropertyValueSpecification","valueRequired":true,"valueName":"search_term_string"}}],"inLanguage":"fr-FR"},{"@type":"Organization","@id":"https:\/\/www.neko-san.eu\/#organization","name":"Neko-San","url":"https:\/\/www.neko-san.eu\/","logo":{"@type":"ImageObject","inLanguage":"fr-FR","@id":"https:\/\/www.neko-san.eu\/#\/schema\/logo\/image\/","url":"https:\/\/i0.wp.com\/www.neko-san.eu\/wp-content\/uploads\/2024\/04\/catBlueCl-1.png?fit=810%2C781&ssl=1","contentUrl":"https:\/\/i0.wp.com\/www.neko-san.eu\/wp-content\/uploads\/2024\/04\/catBlueCl-1.png?fit=810%2C781&ssl=1","width":810,"height":781,"caption":"Neko-San"},"image":{"@id":"https:\/\/www.neko-san.eu\/#\/schema\/logo\/image\/"}}]}},"jetpack_sharing_enabled":true,"jetpack_shortlink":"https:\/\/wp.me\/Pag3p7-k","jetpack-related-posts":[],"_links":{"self":[{"href":"https:\/\/www.neko-san.eu\/index.php\/wp-json\/wp\/v2\/pages\/20","targetHints":{"allow":["GET"]}}],"collection":[{"href":"https:\/\/www.neko-san.eu\/index.php\/wp-json\/wp\/v2\/pages"}],"about":[{"href":"https:\/\/www.neko-san.eu\/index.php\/wp-json\/wp\/v2\/types\/page"}],"author":[{"embeddable":true,"href":"https:\/\/www.neko-san.eu\/index.php\/wp-json\/wp\/v2\/users\/1"}],"replies":[{"embeddable":true,"href":"https:\/\/www.neko-san.eu\/index.php\/wp-json\/wp\/v2\/comments?post=20"}],"version-history":[{"count":12,"href":"https:\/\/www.neko-san.eu\/index.php\/wp-json\/wp\/v2\/pages\/20\/revisions"}],"predecessor-version":[{"id":343,"href":"https:\/\/www.neko-san.eu\/index.php\/wp-json\/wp\/v2\/pages\/20\/revisions\/343"}],"wp:attachment":[{"href":"https:\/\/www.neko-san.eu\/index.php\/wp-json\/wp\/v2\/media?parent=20"}],"curies":[{"name":"wp","href":"https:\/\/api.w.org\/{rel}","templated":true}]}}