{"id":18,"date":"2018-03-16T16:23:04","date_gmt":"2018-03-16T15:23:04","guid":{"rendered":"http:\/\/www.neko-san.eu\/?page_id=18"},"modified":"2024-05-16T14:04:29","modified_gmt":"2024-05-16T12:04:29","slug":"contacter-nous","status":"publish","type":"page","link":"https:\/\/www.neko-san.eu\/index.php\/contacter-nous\/","title":{"rendered":"Contactez-nous"},"content":{"rendered":"<p>Vous \u00eates passionn\u00e9 d\u2019informatique et cherchez une carri\u00e8re qui vous emm\u00e8nera au bout de vos ambitions.<br \/>\nVous voulez un salaire et un job qui \u00e9voluera avec vos comp\u00e9tences, localement ou \u00e0 l\u2019international.<\/p>\n<p>Contactez-nous !<\/p>\n\n<div class=\"wpcf7 no-js\" id=\"wpcf7-f32-o1\" lang=\"fr-FR\" dir=\"ltr\" data-wpcf7-id=\"32\">\n<div class=\"screen-reader-response\"><p role=\"status\" aria-live=\"polite\" aria-atomic=\"true\"><\/p> <ul><\/ul><\/div>\n<form action=\"\/index.php\/wp-json\/wp\/v2\/pages\/18#wpcf7-f32-o1\" method=\"post\" class=\"wpcf7-form init\" aria-label=\"Formulaire de contact\" novalidate=\"novalidate\" data-status=\"init\">\n<fieldset class=\"hidden-fields-container\"><input type=\"hidden\" name=\"_wpcf7\" value=\"32\" \/><input type=\"hidden\" name=\"_wpcf7_version\" value=\"6.1.5\" \/><input type=\"hidden\" name=\"_wpcf7_locale\" value=\"fr_FR\" \/><input type=\"hidden\" name=\"_wpcf7_unit_tag\" value=\"wpcf7-f32-o1\" \/><input type=\"hidden\" name=\"_wpcf7_container_post\" value=\"0\" \/><input type=\"hidden\" name=\"_wpcf7_posted_data_hash\" value=\"\" \/><input type=\"hidden\" name=\"_wpcf7_recaptcha_response\" value=\"\" \/>\n<\/fieldset>\n<p><label> Votre nom (n\u00e9cessaire)<br \/>\n<span class=\"wpcf7-form-control-wrap\" data-name=\"your-name\"><input size=\"40\" maxlength=\"400\" class=\"wpcf7-form-control wpcf7-text wpcf7-validates-as-required\" aria-required=\"true\" aria-invalid=\"false\" value=\"\" type=\"text\" name=\"your-name\" \/><\/span> <\/label>\n<\/p>\n<p><label> Votre adresse de messagerie (n\u00e9cessaire)<br \/>\n<span class=\"wpcf7-form-control-wrap\" data-name=\"your-email\"><input size=\"40\" maxlength=\"400\" class=\"wpcf7-form-control wpcf7-email wpcf7-validates-as-required wpcf7-text wpcf7-validates-as-email\" aria-required=\"true\" aria-invalid=\"false\" value=\"\" type=\"email\" name=\"your-email\" \/><\/span> <\/label>\n<\/p>\n<p><label> Votre num\u00e9ro de t\u00e9l\u00e9phone<br \/>\n<span class=\"wpcf7-form-control-wrap\" data-name=\"tel-962\"><input size=\"40\" maxlength=\"400\" class=\"wpcf7-form-control wpcf7-tel wpcf7-text wpcf7-validates-as-tel\" aria-invalid=\"false\" value=\"\" type=\"tel\" name=\"tel-962\" \/><\/span><\/label>\n<\/p>\n<p><label> Objet<br \/>\n<span class=\"wpcf7-form-control-wrap\" data-name=\"your-subject\"><input size=\"40\" maxlength=\"400\" class=\"wpcf7-form-control wpcf7-text\" aria-invalid=\"false\" value=\"\" type=\"text\" name=\"your-subject\" \/><\/span> <\/label>\n<\/p>\n<p><label> Votre message<br \/>\n<span class=\"wpcf7-form-control-wrap\" data-name=\"your-message\"><textarea cols=\"40\" rows=\"10\" maxlength=\"2000\" class=\"wpcf7-form-control wpcf7-textarea\" aria-invalid=\"false\" name=\"your-message\"><\/textarea><\/span> <\/label>\n<\/p>\n<p><input class=\"wpcf7-form-control wpcf7-submit has-spinner\" type=\"submit\" value=\"Envoyer\" \/>\n<\/p>\n<p style=\"display: none !important;\" class=\"akismet-fields-container\" data-prefix=\"_wpcf7_ak_\"><label>&#916;<textarea name=\"_wpcf7_ak_hp_textarea\" cols=\"45\" rows=\"8\" maxlength=\"100\"><\/textarea><\/label><input type=\"hidden\" id=\"ak_js_1\" name=\"_wpcf7_ak_js\" value=\"178\"\/><script>document.getElementById( \"ak_js_1\" ).setAttribute( \"value\", ( new Date() ).getTime() );<\/script><\/p><div class=\"wpcf7-response-output\" aria-hidden=\"true\"><\/div>\n<\/form>\n<\/div>\n\n","protected":false},"excerpt":{"rendered":"<p>Vous \u00eates passionn\u00e9 d\u2019informatique et cherchez une carri\u00e8re qui vous emm\u00e8nera au bout de vos ambitions. Vous voulez un salaire et un job qui \u00e9voluera avec vos comp\u00e9tences, localement ou \u00e0 l\u2019international. Contactez-nous !<\/p>\n","protected":false},"author":1,"featured_media":0,"parent":0,"menu_order":0,"comment_status":"closed","ping_status":"closed","template":"","meta":{"saved_in_kubio":false,"jetpack_post_was_ever_published":false,"footnotes":""},"class_list":["post-18","page","type-page","status-publish","hentry"],"kubio_ai_page_context":{"short_desc":"","purpose":"general"},"yoast_head":"<!-- This site is optimized with the Yoast SEO plugin v27.4 - https:\/\/yoast.com\/product\/yoast-seo-wordpress\/ -->\n<title>Contactez-nous - Neko-San<\/title>\n<meta name=\"robots\" content=\"index, follow, max-snippet:-1, max-image-preview:large, max-video-preview:-1\" \/>\n<link rel=\"canonical\" href=\"https:\/\/www.neko-san.eu\/index.php\/contacter-nous\/\" \/>\n<meta property=\"og:locale\" content=\"fr_FR\" \/>\n<meta property=\"og:type\" content=\"article\" \/>\n<meta property=\"og:title\" content=\"Contactez-nous - Neko-San\" \/>\n<meta property=\"og:description\" content=\"Vous \u00eates passionn\u00e9 d\u2019informatique et cherchez une carri\u00e8re qui vous emm\u00e8nera au bout de vos ambitions. Vous voulez un salaire et un job qui \u00e9voluera avec vos comp\u00e9tences, localement ou \u00e0 l\u2019international. Contactez-nous !\" \/>\n<meta property=\"og:url\" content=\"https:\/\/www.neko-san.eu\/index.php\/contacter-nous\/\" \/>\n<meta property=\"og:site_name\" content=\"Neko-San\" \/>\n<meta property=\"article:modified_time\" content=\"2024-05-16T12:04:29+00:00\" \/>\n<meta name=\"twitter:card\" content=\"summary_large_image\" \/>\n<script type=\"application\/ld+json\" class=\"yoast-schema-graph\">{\"@context\":\"https:\\\/\\\/schema.org\",\"@graph\":[{\"@type\":\"WebPage\",\"@id\":\"https:\\\/\\\/www.neko-san.eu\\\/index.php\\\/contacter-nous\\\/\",\"url\":\"https:\\\/\\\/www.neko-san.eu\\\/index.php\\\/contacter-nous\\\/\",\"name\":\"Contactez-nous - Neko-San\",\"isPartOf\":{\"@id\":\"https:\\\/\\\/www.neko-san.eu\\\/#website\"},\"datePublished\":\"2018-03-16T15:23:04+00:00\",\"dateModified\":\"2024-05-16T12:04:29+00:00\",\"breadcrumb\":{\"@id\":\"https:\\\/\\\/www.neko-san.eu\\\/index.php\\\/contacter-nous\\\/#breadcrumb\"},\"inLanguage\":\"fr-FR\",\"potentialAction\":[{\"@type\":\"ReadAction\",\"target\":[\"https:\\\/\\\/www.neko-san.eu\\\/index.php\\\/contacter-nous\\\/\"]}]},{\"@type\":\"BreadcrumbList\",\"@id\":\"https:\\\/\\\/www.neko-san.eu\\\/index.php\\\/contacter-nous\\\/#breadcrumb\",\"itemListElement\":[{\"@type\":\"ListItem\",\"position\":1,\"name\":\"Home\",\"item\":\"https:\\\/\\\/www.neko-san.eu\\\/\"},{\"@type\":\"ListItem\",\"position\":2,\"name\":\"Contactez-nous\"}]},{\"@type\":\"WebSite\",\"@id\":\"https:\\\/\\\/www.neko-san.eu\\\/#website\",\"url\":\"https:\\\/\\\/www.neko-san.eu\\\/\",\"name\":\"Neko-San\",\"description\":\"BECAUSE IT&#039;S A SOLUTION FOR BUSINES!S!\",\"publisher\":{\"@id\":\"https:\\\/\\\/www.neko-san.eu\\\/#organization\"},\"potentialAction\":[{\"@type\":\"SearchAction\",\"target\":{\"@type\":\"EntryPoint\",\"urlTemplate\":\"https:\\\/\\\/www.neko-san.eu\\\/?s={search_term_string}\"},\"query-input\":{\"@type\":\"PropertyValueSpecification\",\"valueRequired\":true,\"valueName\":\"search_term_string\"}}],\"inLanguage\":\"fr-FR\"},{\"@type\":\"Organization\",\"@id\":\"https:\\\/\\\/www.neko-san.eu\\\/#organization\",\"name\":\"Neko-San\",\"url\":\"https:\\\/\\\/www.neko-san.eu\\\/\",\"logo\":{\"@type\":\"ImageObject\",\"inLanguage\":\"fr-FR\",\"@id\":\"https:\\\/\\\/www.neko-san.eu\\\/#\\\/schema\\\/logo\\\/image\\\/\",\"url\":\"https:\\\/\\\/i0.wp.com\\\/www.neko-san.eu\\\/wp-content\\\/uploads\\\/2024\\\/04\\\/catBlueCl-1.png?fit=810%2C781&ssl=1\",\"contentUrl\":\"https:\\\/\\\/i0.wp.com\\\/www.neko-san.eu\\\/wp-content\\\/uploads\\\/2024\\\/04\\\/catBlueCl-1.png?fit=810%2C781&ssl=1\",\"width\":810,\"height\":781,\"caption\":\"Neko-San\"},\"image\":{\"@id\":\"https:\\\/\\\/www.neko-san.eu\\\/#\\\/schema\\\/logo\\\/image\\\/\"}}]}<\/script>\n<!-- \/ Yoast SEO plugin. -->","yoast_head_json":{"title":"Contactez-nous - Neko-San","robots":{"index":"index","follow":"follow","max-snippet":"max-snippet:-1","max-image-preview":"max-image-preview:large","max-video-preview":"max-video-preview:-1"},"canonical":"https:\/\/www.neko-san.eu\/index.php\/contacter-nous\/","og_locale":"fr_FR","og_type":"article","og_title":"Contactez-nous - Neko-San","og_description":"Vous \u00eates passionn\u00e9 d\u2019informatique et cherchez une carri\u00e8re qui vous emm\u00e8nera au bout de vos ambitions. Vous voulez un salaire et un job qui \u00e9voluera avec vos comp\u00e9tences, localement ou \u00e0 l\u2019international. Contactez-nous !","og_url":"https:\/\/www.neko-san.eu\/index.php\/contacter-nous\/","og_site_name":"Neko-San","article_modified_time":"2024-05-16T12:04:29+00:00","twitter_card":"summary_large_image","schema":{"@context":"https:\/\/schema.org","@graph":[{"@type":"WebPage","@id":"https:\/\/www.neko-san.eu\/index.php\/contacter-nous\/","url":"https:\/\/www.neko-san.eu\/index.php\/contacter-nous\/","name":"Contactez-nous - Neko-San","isPartOf":{"@id":"https:\/\/www.neko-san.eu\/#website"},"datePublished":"2018-03-16T15:23:04+00:00","dateModified":"2024-05-16T12:04:29+00:00","breadcrumb":{"@id":"https:\/\/www.neko-san.eu\/index.php\/contacter-nous\/#breadcrumb"},"inLanguage":"fr-FR","potentialAction":[{"@type":"ReadAction","target":["https:\/\/www.neko-san.eu\/index.php\/contacter-nous\/"]}]},{"@type":"BreadcrumbList","@id":"https:\/\/www.neko-san.eu\/index.php\/contacter-nous\/#breadcrumb","itemListElement":[{"@type":"ListItem","position":1,"name":"Home","item":"https:\/\/www.neko-san.eu\/"},{"@type":"ListItem","position":2,"name":"Contactez-nous"}]},{"@type":"WebSite","@id":"https:\/\/www.neko-san.eu\/#website","url":"https:\/\/www.neko-san.eu\/","name":"Neko-San","description":"BECAUSE IT&#039;S A SOLUTION FOR BUSINES!S!","publisher":{"@id":"https:\/\/www.neko-san.eu\/#organization"},"potentialAction":[{"@type":"SearchAction","target":{"@type":"EntryPoint","urlTemplate":"https:\/\/www.neko-san.eu\/?s={search_term_string}"},"query-input":{"@type":"PropertyValueSpecification","valueRequired":true,"valueName":"search_term_string"}}],"inLanguage":"fr-FR"},{"@type":"Organization","@id":"https:\/\/www.neko-san.eu\/#organization","name":"Neko-San","url":"https:\/\/www.neko-san.eu\/","logo":{"@type":"ImageObject","inLanguage":"fr-FR","@id":"https:\/\/www.neko-san.eu\/#\/schema\/logo\/image\/","url":"https:\/\/i0.wp.com\/www.neko-san.eu\/wp-content\/uploads\/2024\/04\/catBlueCl-1.png?fit=810%2C781&ssl=1","contentUrl":"https:\/\/i0.wp.com\/www.neko-san.eu\/wp-content\/uploads\/2024\/04\/catBlueCl-1.png?fit=810%2C781&ssl=1","width":810,"height":781,"caption":"Neko-San"},"image":{"@id":"https:\/\/www.neko-san.eu\/#\/schema\/logo\/image\/"}}]}},"jetpack_sharing_enabled":true,"jetpack_shortlink":"https:\/\/wp.me\/Pag3p7-i","jetpack-related-posts":[],"_links":{"self":[{"href":"https:\/\/www.neko-san.eu\/index.php\/wp-json\/wp\/v2\/pages\/18","targetHints":{"allow":["GET"]}}],"collection":[{"href":"https:\/\/www.neko-san.eu\/index.php\/wp-json\/wp\/v2\/pages"}],"about":[{"href":"https:\/\/www.neko-san.eu\/index.php\/wp-json\/wp\/v2\/types\/page"}],"author":[{"embeddable":true,"href":"https:\/\/www.neko-san.eu\/index.php\/wp-json\/wp\/v2\/users\/1"}],"replies":[{"embeddable":true,"href":"https:\/\/www.neko-san.eu\/index.php\/wp-json\/wp\/v2\/comments?post=18"}],"version-history":[{"count":12,"href":"https:\/\/www.neko-san.eu\/index.php\/wp-json\/wp\/v2\/pages\/18\/revisions"}],"predecessor-version":[{"id":254,"href":"https:\/\/www.neko-san.eu\/index.php\/wp-json\/wp\/v2\/pages\/18\/revisions\/254"}],"wp:attachment":[{"href":"https:\/\/www.neko-san.eu\/index.php\/wp-json\/wp\/v2\/media?parent=18"}],"curies":[{"name":"wp","href":"https:\/\/api.w.org\/{rel}","templated":true}]}}